{"id":36,"date":"2025-02-17T14:27:43","date_gmt":"2025-02-17T13:27:43","guid":{"rendered":"https:\/\/mediumblue-alpaca-790674.hostingersite.com\/?page_id=36"},"modified":"2025-09-19T12:01:36","modified_gmt":"2025-09-19T11:01:36","slug":"privacy-policy","status":"publish","type":"page","link":"https:\/\/nexmachina.com\/en\/privacy-policy\/","title":{"rendered":"Privacy Policy"},"content":{"rendered":"<h3 class=\"wp-block-heading\">RESPONSIBLE<\/h3>\n\n\n\n<p><strong>Who is responsible for processing your data?<\/strong><\/p>\n\n\n\n<ul class=\"wp-block-list\">\n<li>Company name: NEXMACHINA SOLUTIONS, SL<\/li>\n\n\n\n<li>Registered office: PLAZA DEL SAGRADO CORAZ\u00d3N, 4, FLOOR -1, 48011 BILBAO (VIZCAYA) SPAIN<\/li>\n\n\n\n<li>CIF: B95703906<\/li>\n\n\n\n<li>Email address of the Data Protection Officer: <a href=\"mailto:admon@nexmachina.com\">admon@nexmachina.com<\/a><\/li>\n<\/ul>\n\n\n\n<h3 class=\"wp-block-heading\">PURPOSE<\/h3>\n\n\n\n<p><strong>For what purpose will we process your personal data?<\/strong><\/p>\n\n\n\n<p>At NEXMACHINA SOLUTIONS, SL we will process your information for the following purposes:<\/p>\n\n\n\n<ul class=\"wp-block-list\">\n<li>Through the &quot;CONTACT US&quot; forms on the website, data is collected and stored in a file for the sole purpose of sending electronic communications, such as newsletters, as well as other communications of interest to its USERS, always related to the wireless technology and telecommunications sector. Only the owner will have access to your data, and under no circumstances will it be transferred, shared, transferred, or sold to third parties.<\/li>\n\n\n\n<li>If you leave your personal information and resume on the &quot;CONTACT US&quot; tab, your data will be processed for the purpose of managing the personnel selection process.<\/li>\n\n\n\n<li>If you provide your information via email, it will be added to a file used to process your request or comment.<\/li>\n<\/ul>\n\n\n\n<p>Acceptance of the privacy policy will be considered express and unequivocal consent (Articles 6 to 9 of the GDPR).<\/p>\n\n\n\n<p><strong>How long will we keep your data?<\/strong><\/p>\n\n\n\n<ul class=\"wp-block-list\">\n<li>Data collected through website forms and the newsletter inbox will be retained until the user unsubscribes.<\/li>\n\n\n\n<li>The data provided when contracting services will be retained for the duration of the business relationship. It may subsequently be used to send newsletters.<\/li>\n\n\n\n<li>Data relating to selection processes will be deleted two years after the application.<\/li>\n<\/ul>\n\n\n\n<h3 class=\"wp-block-heading\">LEGITIMATION<\/h3>\n\n\n\n<p><strong>What is the legitimacy for processing your data?<\/strong><\/p>\n\n\n\n<ul class=\"wp-block-list\">\n<li><strong>Sending commercial communications:<\/strong> Consent of the interested party (art. 6.1 RGPD and art. 20 LSSICE) and\/or legitimate interest (art. 6.1.f RGPD).<\/li>\n\n\n\n<li><strong>Email Communications Management:<\/strong> Consent of the interested party (art. 6.1.a GDPR).<\/li>\n\n\n\n<li><strong>Personnel selection processes:<\/strong> Consent of the interested party (art. 6.1.a GDPR) and\/or legitimate interest (art. 6.1.f GDPR).<\/li>\n<\/ul>\n\n\n\n<h3 class=\"wp-block-heading\">RIGHTS OF INTERESTED PERSONS<\/h3>\n\n\n\n<p><strong>What rights do I have regarding data protection?<\/strong><\/p>\n\n\n\n<p>You can exercise your rights at the postal address <em>SACRED HEART SQUARE 4, FLOOR -1, 48011 BILBAO (VIZCAYA) SPAIN<\/em> or to the email <a href=\"mailto:admon@nexmachina.com\">admon@nexmachina.com<\/a>.<\/p>\n\n\n\n<ul class=\"wp-block-list\">\n<li>Right of access<\/li>\n\n\n\n<li>Right to rectification or deletion<\/li>\n\n\n\n<li>Right to restriction of processing<\/li>\n\n\n\n<li>Right to object<\/li>\n\n\n\n<li>Right to portability<\/li>\n<\/ul>\n\n\n\n<p>Interested parties may request forms to exercise these rights at <a href=\"mailto:admon@nexmachina.com\">admon@nexmachina.com<\/a>.<\/p>\n\n\n\n<h3 class=\"wp-block-heading\">RECIPIENTS<\/h3>\n\n\n\n<p><strong>To which recipients will your data be communicated?<\/strong><\/p>\n\n\n\n<p>Commercial communications are sent via email, using the data provided by the recipient for commercial communications, business contacts, quote requests, or requests for company information.<\/p>\n\n\n\n<h3 class=\"wp-block-heading\">ORIGIN OF YOUR DATA<\/h3>\n\n\n\n<p>The data that NEXMACHINA SOLUTIONS, SL processes and handles has been obtained through the consent of the interested party.<\/p>\n\n\n\n<p><strong>What categories of data do we handle?<\/strong><\/p>\n\n\n\n<ul class=\"wp-block-list\">\n<li><strong>Identification data:<\/strong> Name, Surname, DNI\/NIE\/Passport, Postal addresses, Email addresses, Sex, Date and place of birth.<\/li>\n\n\n\n<li><strong>Curriculum vitae:<\/strong> Academic information, qualifications, hobbies, membership in associations or clubs.<\/li>\n<\/ul>\n\n\n\n<p>NEXMACHINA SOLUTIONS, SL does not process specially protected data.<\/p>","protected":false},"excerpt":{"rendered":"<p>RESPONSABLE \u00bfQui\u00e9n es el responsable de tratamiento de sus datos? FINALIDAD \u00bfCon qu\u00e9 finalidad trataremos sus datos personales? En NEXMACHINA SOLUTIONS, S.L. trataremos su informaci\u00f3n con las siguientes finalidades: La aceptaci\u00f3n de la pol\u00edtica de privacidad ser\u00e1 considerada como consentimiento expreso e inequ\u00edvoco (art\u00edculos 6 a 9 del RGPD). \u00bfDurante cu\u00e1nto tiempo tendremos sus datos? [&hellip;]<\/p>","protected":false},"author":1,"featured_media":0,"parent":0,"menu_order":0,"comment_status":"closed","ping_status":"closed","template":"","meta":{"_acf_changed":false,"_seopress_robots_primary_cat":"","_seopress_titles_title":"Pol\u00edtica de Privacidad y Protecci\u00f3n de Datos clara y segura","_seopress_titles_desc":"Consulta nuestra pol\u00edtica de privacidad y conoce c\u00f3mo protegemos tus datos personales conforme al RGPD y la LOPDGDD.","_seopress_robots_index":"","footnotes":""},"class_list":["post-36","page","type-page","status-publish","hentry"],"acf":[],"_links":{"self":[{"href":"https:\/\/nexmachina.com\/en\/wp-json\/wp\/v2\/pages\/36","targetHints":{"allow":["GET"]}}],"collection":[{"href":"https:\/\/nexmachina.com\/en\/wp-json\/wp\/v2\/pages"}],"about":[{"href":"https:\/\/nexmachina.com\/en\/wp-json\/wp\/v2\/types\/page"}],"author":[{"embeddable":true,"href":"https:\/\/nexmachina.com\/en\/wp-json\/wp\/v2\/users\/1"}],"replies":[{"embeddable":true,"href":"https:\/\/nexmachina.com\/en\/wp-json\/wp\/v2\/comments?post=36"}],"version-history":[{"count":0,"href":"https:\/\/nexmachina.com\/en\/wp-json\/wp\/v2\/pages\/36\/revisions"}],"wp:attachment":[{"href":"https:\/\/nexmachina.com\/en\/wp-json\/wp\/v2\/media?parent=36"}],"curies":[{"name":"wp","href":"https:\/\/api.w.org\/{rel}","templated":true}]}}