{"id":36,"date":"2025-02-17T14:27:43","date_gmt":"2025-02-17T13:27:43","guid":{"rendered":"https:\/\/mediumblue-alpaca-790674.hostingersite.com\/?page_id=36"},"modified":"2025-09-19T12:01:36","modified_gmt":"2025-09-19T11:01:36","slug":"pribatutasun-politika","status":"publish","type":"page","link":"https:\/\/nexmachina.com\/eus\/pribatutasun-politika\/","title":{"rendered":"Pribatutasun Politika"},"content":{"rendered":"<h3 class=\"wp-block-heading\">ARDURADUNA<\/h3>\n\n\n\n<p><strong>Nor da zure datuak prozesatzeaz arduratzen dena?<\/strong><\/p>\n\n\n\n<ul class=\"wp-block-list\">\n<li>Enpresaren izena: NEXMACHINA SOLUTIONS, SL<\/li>\n\n\n\n<li>Egoitza soziala: PLAZA DEL SAGRADO CORAZ\u00d3N, 4, SOLAIRUA -1, 48011 BILBO (VIZKAYA) ESPAINIA<\/li>\n\n\n\n<li>IFK: B95703906<\/li>\n\n\n\n<li>Datuen Babeserako Ordezkariaren helbide elektronikoa: <a href=\"mailto:admon@nexmachina.com\">admon@nexmachina.com<\/a><\/li>\n<\/ul>\n\n\n\n<h3 class=\"wp-block-heading\">HELBURUA<\/h3>\n\n\n\n<p><strong>Zein helbururekin prozesatuko ditugu zure datu pertsonalak?<\/strong><\/p>\n\n\n\n<p>NEXMACHINA SOLUTIONS, SL-n zure informazioa helburu hauetarako prozesatuko dugu:<\/p>\n\n\n\n<ul class=\"wp-block-list\">\n<li>Webguneko &quot;JARRI GURAREKIN HARREMANETAN&quot; formularioen bidez, datuak biltzen eta fitxategi batean gordetzen dira, komunikazio elektronikoak bidaltzeko helburu bakarrarekin, hala nola buletinak, baita ERABILTZAILEENTZAT interesgarriak diren beste komunikazio batzuk ere, beti haririk gabeko teknologiaren eta telekomunikazioen sektorearekin lotuta. Jabeak bakarrik izango du zure datuetarako sarbidea, eta inola ere ez zaizkie hirugarrenei transferituko, partekatuko, transferituko edo salduko.<\/li>\n\n\n\n<li>Zure datu pertsonalak eta curriculuma &quot;JARRI GURAREKIN HARREMANETAN&quot; fitxan uzten badituzu, zure datuak langileen hautaketa prozesua kudeatzeko erabiliko dira.<\/li>\n\n\n\n<li>Zure informazioa posta elektronikoz ematen baduzu, zure eskaera edo iruzkina prozesatzeko erabiltzen den fitxategi batean gehituko da.<\/li>\n<\/ul>\n\n\n\n<p>Pribatutasun-politika onartzea berariazko eta zalantzarik gabeko baimentzat hartuko da (GDPRren 6tik 9ra bitarteko artikuluak).<\/p>\n\n\n\n<p><strong>Zenbat denbora gordeko ditugu zure datuak?<\/strong><\/p>\n\n\n\n<ul class=\"wp-block-list\">\n<li>Webguneko formularioen eta buletinaren sarrera-ontziaren bidez bildutako datuak erabiltzaileak harpidetza baja eman arte gordeko dira.<\/li>\n\n\n\n<li>Zerbitzuak kontratatzerakoan emandako datuak negozio-harremanak irauten duen bitartean gordeko dira. Ondoren, buletinak bidaltzeko erabili ahal izango dira.<\/li>\n\n\n\n<li>Hautaketa-prozesuei buruzko datuak ezabatuko dira eskaera egin eta bi urtera.<\/li>\n<\/ul>\n\n\n\n<h3 class=\"wp-block-heading\">LEGITIMAZIOA<\/h3>\n\n\n\n<p><strong>Zein da zure datuak tratatzeko zilegitasuna?<\/strong><\/p>\n\n\n\n<ul class=\"wp-block-list\">\n<li><strong>Komunikazio komertzialak bidaltzea:<\/strong> Interesdunaren baimena (RGPDren 6.1 art. eta LSSICEren 20 art.) eta\/edo interes legitimoa (RGPDren 6.1.f art.).<\/li>\n\n\n\n<li><strong>Posta elektroniko bidezko komunikazioen kudeaketa:<\/strong> Interesdunaren baimena (GDPRko 6.1.a art.).<\/li>\n\n\n\n<li><strong>Langileen hautaketa prozesuak:<\/strong> Interesdunaren baimena (GDPRko 6.1.a art.) eta\/edo interes legitimoa (GDPRko 6.1.f art.).<\/li>\n<\/ul>\n\n\n\n<h3 class=\"wp-block-heading\">INTERESDUNEN ESKUBIDEAK<\/h3>\n\n\n\n<p><strong>Zer eskubide ditut datuen babesari dagokionez?<\/strong><\/p>\n\n\n\n<p>Zure eskubideak posta helbidean erabil ditzakezu <em>BIHOTZ SAKRATUAREN PLAZA 4, -1. SOLAIRUA, 48011 BILBAO (BIZKAI) ESPAINIA<\/em> edo posta elektronikora <a href=\"mailto:admon@nexmachina.com\">admon@nexmachina.com<\/a>.<\/p>\n\n\n\n<ul class=\"wp-block-list\">\n<li>Sarbide eskubidea<\/li>\n\n\n\n<li>Zuzenketa edo ezabatze eskubidea<\/li>\n\n\n\n<li>Prozesamendua mugatzeko eskubidea<\/li>\n\n\n\n<li>Aurka egiteko eskubidea<\/li>\n\n\n\n<li>Eramangarritasun eskubidea<\/li>\n<\/ul>\n\n\n\n<p>Interesdunek eskubide horiek gauzatzeko inprimakiak eska ditzakete <a href=\"mailto:admon@nexmachina.com\">admon@nexmachina.com<\/a>.<\/p>\n\n\n\n<h3 class=\"wp-block-heading\">HARTZAILEAK<\/h3>\n\n\n\n<p><strong>Zein hartzaileri jakinaraziko zaizkie zure datuak?<\/strong><\/p>\n\n\n\n<p>Komunikazio komertzialak posta elektronikoz bidaltzen dira, hartzaileak emandako datuak erabiliz komunikazio komertzialetarako, negozio-harremanetarako, aurrekontu-eskaeretarako edo enpresaren informazio-eskaeretarako.<\/p>\n\n\n\n<h3 class=\"wp-block-heading\">ZURE DATUEN JATORRIA<\/h3>\n\n\n\n<p>NEXMACHINA SOLUTIONS, SL-k prozesatzen eta maneiatzen dituen datuak interesdunaren baimenaren bidez lortu dira.<\/p>\n\n\n\n<p><strong>Zein datu-kategoria kudeatzen ditugu?<\/strong><\/p>\n\n\n\n<ul class=\"wp-block-list\">\n<li><strong>Identifikazio datuak:<\/strong> Izena, abizena, NAN\/AIZ\/Pasaportea, posta helbideak, helbide elektronikoak, sexua, jaiotze data eta lekua.<\/li>\n\n\n\n<li><strong>Curriculuma:<\/strong> Informazio akademikoa, titulazioak, zaletasunak, elkarte edo klubetako kidetza.<\/li>\n<\/ul>\n\n\n\n<p>NEXMACHINA SOLUTIONS, SL-k ez ditu bereziki babestutako datuak prozesatzen.<\/p>","protected":false},"excerpt":{"rendered":"<p>RESPONSABLE \u00bfQui\u00e9n es el responsable de tratamiento de sus datos? FINALIDAD \u00bfCon qu\u00e9 finalidad trataremos sus datos personales? En NEXMACHINA SOLUTIONS, S.L. trataremos su informaci\u00f3n con las siguientes finalidades: La aceptaci\u00f3n de la pol\u00edtica de privacidad ser\u00e1 considerada como consentimiento expreso e inequ\u00edvoco (art\u00edculos 6 a 9 del RGPD). \u00bfDurante cu\u00e1nto tiempo tendremos sus datos? [&hellip;]<\/p>","protected":false},"author":1,"featured_media":0,"parent":0,"menu_order":0,"comment_status":"closed","ping_status":"closed","template":"","meta":{"_acf_changed":false,"_seopress_robots_primary_cat":"","_seopress_titles_title":"Pol\u00edtica de Privacidad y Protecci\u00f3n de Datos clara y segura","_seopress_titles_desc":"Consulta nuestra pol\u00edtica de privacidad y conoce c\u00f3mo protegemos tus datos personales conforme al RGPD y la LOPDGDD.","_seopress_robots_index":"","footnotes":""},"class_list":["post-36","page","type-page","status-publish","hentry"],"acf":[],"_links":{"self":[{"href":"https:\/\/nexmachina.com\/eus\/wp-json\/wp\/v2\/pages\/36","targetHints":{"allow":["GET"]}}],"collection":[{"href":"https:\/\/nexmachina.com\/eus\/wp-json\/wp\/v2\/pages"}],"about":[{"href":"https:\/\/nexmachina.com\/eus\/wp-json\/wp\/v2\/types\/page"}],"author":[{"embeddable":true,"href":"https:\/\/nexmachina.com\/eus\/wp-json\/wp\/v2\/users\/1"}],"replies":[{"embeddable":true,"href":"https:\/\/nexmachina.com\/eus\/wp-json\/wp\/v2\/comments?post=36"}],"version-history":[{"count":0,"href":"https:\/\/nexmachina.com\/eus\/wp-json\/wp\/v2\/pages\/36\/revisions"}],"wp:attachment":[{"href":"https:\/\/nexmachina.com\/eus\/wp-json\/wp\/v2\/media?parent=36"}],"curies":[{"name":"wp","href":"https:\/\/api.w.org\/{rel}","templated":true}]}}