{"id":52,"date":"2025-02-17T14:33:31","date_gmt":"2025-02-17T13:33:31","guid":{"rendered":"https:\/\/mediumblue-alpaca-790674.hostingersite.com\/?page_id=52"},"modified":"2025-11-18T14:35:46","modified_gmt":"2025-11-18T13:35:46","slug":"kontaktu","status":"publish","type":"page","link":"https:\/\/nexmachina.com\/eus\/kontaktu\/","title":{"rendered":"Kontaktua"},"content":{"rendered":"","protected":false},"excerpt":{"rendered":"","protected":false},"author":1,"featured_media":0,"parent":0,"menu_order":0,"comment_status":"closed","ping_status":"closed","template":"","meta":{"_acf_changed":false,"_seopress_robots_primary_cat":"","_seopress_titles_title":"Contacto r\u00e1pido y f\u00e1cil: env\u00eda tu mensaje online","_seopress_titles_desc":"Env\u00edanos tu consulta f\u00e1cilmente a trav\u00e9s del formulario de contacto con tu nombre, email y mensaje.","_seopress_robots_index":"","footnotes":""},"class_list":["post-52","page","type-page","status-publish","hentry"],"acf":[],"_links":{"self":[{"href":"https:\/\/nexmachina.com\/eus\/wp-json\/wp\/v2\/pages\/52","targetHints":{"allow":["GET"]}}],"collection":[{"href":"https:\/\/nexmachina.com\/eus\/wp-json\/wp\/v2\/pages"}],"about":[{"href":"https:\/\/nexmachina.com\/eus\/wp-json\/wp\/v2\/types\/page"}],"author":[{"embeddable":true,"href":"https:\/\/nexmachina.com\/eus\/wp-json\/wp\/v2\/users\/1"}],"replies":[{"embeddable":true,"href":"https:\/\/nexmachina.com\/eus\/wp-json\/wp\/v2\/comments?post=52"}],"version-history":[{"count":2,"href":"https:\/\/nexmachina.com\/eus\/wp-json\/wp\/v2\/pages\/52\/revisions"}],"predecessor-version":[{"id":587,"href":"https:\/\/nexmachina.com\/eus\/wp-json\/wp\/v2\/pages\/52\/revisions\/587"}],"wp:attachment":[{"href":"https:\/\/nexmachina.com\/eus\/wp-json\/wp\/v2\/media?parent=52"}],"curies":[{"name":"wp","href":"https:\/\/api.w.org\/{rel}","templated":true}]}}